{"id":175,"date":"2021-10-20T08:37:58","date_gmt":"2021-10-20T05:37:58","guid":{"rendered":"http:\/\/demo.ovathemes.com\/athens\/?page_id=175"},"modified":"2022-06-06T20:45:38","modified_gmt":"2022-06-06T17:45:38","slug":"online-terapi","status":"publish","type":"page","link":"https:\/\/www.avsarsozmen.com\/index.php\/online-terapi\/","title":{"rendered":"Online Terapi"},"content":{"rendered":"\t\t<div data-elementor-type=\"wp-page\" data-elementor-id=\"175\" class=\"elementor elementor-175\">\n\t\t\t\t\t\t\t\t\t<section class=\"elementor-section elementor-top-section elementor-element elementor-element-fbe812c elementor-section-boxed elementor-section-height-default elementor-section-height-default\" data-id=\"fbe812c\" data-element_type=\"section\">\n\t\t\t\t\t\t<div class=\"elementor-container elementor-column-gap-default\">\n\t\t\t\t\t<div class=\"elementor-column elementor-col-50 elementor-top-column elementor-element elementor-element-e97f6d8\" data-id=\"e97f6d8\" data-element_type=\"column\">\n\t\t\t<div class=\"elementor-widget-wrap elementor-element-populated\">\n\t\t\t\t\t\t\t\t<div class=\"elementor-element elementor-element-38e6e17 elementor-widget elementor-widget-athens_elementor_heading\" data-id=\"38e6e17\" data-element_type=\"widget\" data-widget_type=\"athens_elementor_heading.default\">\n\t\t\t\t<div class=\"elementor-widget-container\">\n\t\t\t\t\t<div class=\"ova-heading template3\">\n\t\t\t\t\t\t\t<!-- Title -->\n\t\t\t\t<h2 class=\"title\">\t\t\t\t\t\t\t\t\t\t\tOnline terapi  di\u011fer ad\u0131yla \u00e7evrimi\u00e7i terapi nedir?\t\t\t\t\t\t\t\t\t<\/h2>\t\t\t\t<!-- Description -->\n\t\t\t\t\t\t\t\t\t<p class=\"description\">Uzm. Psk. Av\u015far S\u00d6ZMEN<\/p>\n\t\t\t\t\n\t\t\t\t\t<\/div>\n\t\t\t\t<\/div>\n\t\t\t\t<\/div>\n\t\t\t\t\t<\/div>\n\t\t<\/div>\n\t\t\t\t<div class=\"elementor-column elementor-col-50 elementor-top-column elementor-element elementor-element-6883bef\" data-id=\"6883bef\" data-element_type=\"column\">\n\t\t\t<div class=\"elementor-widget-wrap elementor-element-populated\">\n\t\t\t\t\t\t\t\t<div class=\"elementor-element elementor-element-f6f6a5f elementor-widget elementor-widget-text-editor\" data-id=\"f6f6a5f\" data-element_type=\"widget\" data-widget_type=\"text-editor.default\">\n\t\t\t\t<div class=\"elementor-widget-container\">\n\t\t\t<style>\/*! elementor - v3.14.0 - 26-06-2023 *\/\n.elementor-widget-text-editor.elementor-drop-cap-view-stacked .elementor-drop-cap{background-color:#69727d;color:#fff}.elementor-widget-text-editor.elementor-drop-cap-view-framed .elementor-drop-cap{color:#69727d;border:3px solid;background-color:transparent}.elementor-widget-text-editor:not(.elementor-drop-cap-view-default) .elementor-drop-cap{margin-top:8px}.elementor-widget-text-editor:not(.elementor-drop-cap-view-default) .elementor-drop-cap-letter{width:1em;height:1em}.elementor-widget-text-editor .elementor-drop-cap{float:left;text-align:center;line-height:1;font-size:50px}.elementor-widget-text-editor .elementor-drop-cap-letter{display:inline-block}<\/style>\t\t\t\t<p>Online terapi, \u00e7evrimi\u00e7i terapi veya internet terapisi, internet teknolojileri kullan\u0131larak bireysel veya grup terapilerinin ger\u00e7ekle\u015ftirildi\u011fi bir uzaktan psikolojik yard\u0131m uygulamas\u0131d\u0131r.\u00a0<\/p>\t\t\t\t\t\t<\/div>\n\t\t\t\t<\/div>\n\t\t\t\t\t<\/div>\n\t\t<\/div>\n\t\t\t\t\t\t\t<\/div>\n\t\t<\/section>\n\t\t\t\t<section class=\"elementor-section elementor-top-section elementor-element elementor-element-6c05c8a elementor-section-boxed elementor-section-height-default elementor-section-height-default\" data-id=\"6c05c8a\" data-element_type=\"section\" data-settings=\"{&quot;background_background&quot;:&quot;classic&quot;}\">\n\t\t\t\t\t\t<div class=\"elementor-container elementor-column-gap-no\">\n\t\t\t\t\t<div class=\"elementor-column elementor-col-100 elementor-top-column elementor-element elementor-element-e598959\" data-id=\"e598959\" data-element_type=\"column\">\n\t\t\t<div class=\"elementor-widget-wrap elementor-element-populated\">\n\t\t\t\t\t\t\t\t<div class=\"elementor-element elementor-element-ecccfcc elementor-widget elementor-widget-athens_elementor_practice_areas\" data-id=\"ecccfcc\" data-element_type=\"widget\" data-widget_type=\"athens_elementor_practice_areas.default\">\n\t\t\t\t<div class=\"elementor-widget-container\">\n\t\t\t\n         \t\n\t\t\t<a href=\"http:\/\/www.avsarsozmen.com\/index.php\/2022\/04\/21\/online-cevrimici-terapi-nedir\/ \"   >\n\t\t \n\t\t    <div class=\"ova-practice-areas  ova-practice-areas-template3\">\n\n\t\t\t\t<div class=\"img\">\n\t\t\t\t\t<img decoding=\"async\" src=\"http:\/\/www.avsarsozmen.com\/wp-content\/uploads\/2022\/04\/Adsiz-tasarim-30.jpg\" class=\"practice-areas-img\" alt=\"ONLINE\/\u00c7EVR\u0130M\u0130\u00c7\u0130 TERAP\u0130 NED\u0130R?\">\n\t\t\t\t<\/div>\n              \n\t\t\t\t<div class=\"info\">\n\n\t\t\t\t\t\t\t\t\t\t\t<div class=\"title\">\n\t\t\t\t\t\t\t<h2>\n\t\t\t\t\t\t\t\tONLINE\/\u00c7EVR\u0130M\u0130\u00c7\u0130 TERAP\u0130 NED\u0130R?\t\t\t\t\t\t\t<\/h2>\n\t\t\t\t\t\t\t\t\t\t\t\t\t\t\t                                   <div class=\"completed\">\n                                   \t    <span class=\"text\">\n                                   \t    \tUzm. Psk. Av\u015far S\u00d6ZMEN                                   \t    <\/span>\n                                   \t    <span class=\"number\">\n                                   \t    \tOnline Terapi                                   \t    <\/span>\n                                   <\/div>\n\t\t\t\t\t\t\t\t\t\t\t\t\t\t\t\t\t\t\t\t\t<\/div>\n\t\t\t\t\t\n\t\t\t\t\t                    \n\t\t\t\t\t\t\t\t\t\t\t<div  class=\"sub-title\">\n\t\t\t\t\t\t\t <p>\n\t\t\t\t\t\t\t \tG\u00fcn\u00fcm\u00fcz teknolojisinin her alanda oldu\u011fu gibi psikoloji d\u00fcnyas\u0131nda da yenilik\u00e7i geli\u015fmeler ortaya koydu\u011funu g\u00f6rmekteyiz\t\t\t\t\t\t\t <\/p>\n\t\t\t\t\t\t<\/div>\n\t\t\t\t\t\n                    \t\t\t            \t\t\t\t\t\t\t<div class=\"learn-more\">\t\n\t\t\t\t\t\t\t\t<span class=\"text-link\">\n\t\t\t\t\t\t\t\t\tYaz\u0131n\u0131n Devam\u0131\t\n\t                            <\/span>\n\t\t\t\t\t\t\t<\/div>\n\t\t\t\t\t\t\t\t\t\t    \n\t\t\t\t    \n\t\t\t\t<\/div>\n\n\t\t\t<\/div>\n\n         \t\t    <\/a>\n\t     \n\t\t\t\t<\/div>\n\t\t\t\t<\/div>\n\t\t\t\t<div class=\"elementor-element elementor-element-10a0519 elementor-widget elementor-widget-athens_elementor_practice_areas\" data-id=\"10a0519\" data-element_type=\"widget\" data-widget_type=\"athens_elementor_practice_areas.default\">\n\t\t\t\t<div class=\"elementor-widget-container\">\n\t\t\t\n         \t\n\t\t\t<a href=\"http:\/\/www.avsarsozmen.com\/index.php\/2022\/04\/22\/online-cevrimici-terapi-surecini-tercih-etmenizdeki-sebepler-ve-surecin-avantajlari\/ \"   >\n\t\t \n\t\t    <div class=\"ova-practice-areas  ova-practice-areas-template3\">\n\n\t\t\t\t<div class=\"img\">\n\t\t\t\t\t<img decoding=\"async\" src=\"http:\/\/demo.ovathemes.com\/athens\/wp-content\/uploads\/2021\/10\/practice-areas-v3-2.jpg\" class=\"practice-areas-img\" alt=\"ONLINE\/\u00c7EVR\u0130M\u0130\u00c7\u0130 TERAP\u0130 S\u00dcREC\u0130N\u0130 TERC\u0130H ETMEN\u0130ZDEK\u0130 SEBEPLER VE S\u00dcREC\u0130N AVANTAJLARI\">\n\t\t\t\t<\/div>\n              \n\t\t\t\t<div class=\"info\">\n\n\t\t\t\t\t\t\t\t\t\t\t<div class=\"title\">\n\t\t\t\t\t\t\t<h2>\n\t\t\t\t\t\t\t\tONLINE\/\u00c7EVR\u0130M\u0130\u00c7\u0130 TERAP\u0130 S\u00dcREC\u0130N\u0130 TERC\u0130H ETMEN\u0130ZDEK\u0130 SEBEPLER VE S\u00dcREC\u0130N AVANTAJLARI\t\t\t\t\t\t\t<\/h2>\n\t\t\t\t\t\t\t\t\t\t\t\t\t\t\t                                   <div class=\"completed\">\n                                   \t    <span class=\"text\">\n                                   \t    \tUzm. Psk. Av\u015far S\u00d6ZMEN                                   \t    <\/span>\n                                   \t    <span class=\"number\">\n                                   \t    \tOnline Terapi                                   \t    <\/span>\n                                   <\/div>\n\t\t\t\t\t\t\t\t\t\t\t\t\t\t\t\t\t\t\t\t\t<\/div>\n\t\t\t\t\t\n\t\t\t\t\t                    \n\t\t\t\t\t\t\t\t\t\t\t<div  class=\"sub-title\">\n\t\t\t\t\t\t\t <p>\n\t\t\t\t\t\t\t \tPsikolojik destek almak i\u00e7in zaman ay\u0131rmakta zorluk ya\u015fayan ki\u015filer genellikle online terapi s\u00fcrecini tercih etmektedir.\t\t\t\t\t\t\t <\/p>\n\t\t\t\t\t\t<\/div>\n\t\t\t\t\t\n                    \t\t\t            \t\t\t\t\t\t\t<div class=\"learn-more\">\t\n\t\t\t\t\t\t\t\t<span class=\"text-link\">\n\t\t\t\t\t\t\t\t\tYaz\u0131n\u0131n Devam\u0131\t\n\t                            <\/span>\n\t\t\t\t\t\t\t<\/div>\n\t\t\t\t\t\t\t\t\t\t    \n\t\t\t\t    \n\t\t\t\t<\/div>\n\n\t\t\t<\/div>\n\n         \t\t    <\/a>\n\t     \n\t\t\t\t<\/div>\n\t\t\t\t<\/div>\n\t\t\t\t<div class=\"elementor-element elementor-element-5b21ce3 elementor-widget elementor-widget-athens_elementor_practice_areas\" data-id=\"5b21ce3\" data-element_type=\"widget\" data-widget_type=\"athens_elementor_practice_areas.default\">\n\t\t\t\t<div class=\"elementor-widget-container\">\n\t\t\t\n         \t\n\t\t\t<a href=\"http:\/\/www.avsarsozmen.com\/index.php\/2022\/04\/22\/online-terapi-nasil-yapilir\/ \"   >\n\t\t \n\t\t    <div class=\"ova-practice-areas  ova-practice-areas-template3\">\n\n\t\t\t\t<div class=\"img\">\n\t\t\t\t\t<img decoding=\"async\" src=\"http:\/\/demo.ovathemes.com\/athens\/wp-content\/uploads\/2021\/10\/practice-areas-v3-4.jpg\" class=\"practice-areas-img\" alt=\"ONLINE PS\u0130KOTERAP\u0130 NASIL YAPILIR?\">\n\t\t\t\t<\/div>\n              \n\t\t\t\t<div class=\"info\">\n\n\t\t\t\t\t\t\t\t\t\t\t<div class=\"title\">\n\t\t\t\t\t\t\t<h2>\n\t\t\t\t\t\t\t\tONLINE PS\u0130KOTERAP\u0130 NASIL YAPILIR?\t\t\t\t\t\t\t<\/h2>\n\t\t\t\t\t\t\t\t\t\t\t\t\t\t\t                                   <div class=\"completed\">\n                                   \t    <span class=\"text\">\n                                   \t    \tUzm. Psk. Av\u015far S\u00d6ZMEN                                   \t    <\/span>\n                                   \t    <span class=\"number\">\n                                   \t    \t                                   \t    <\/span>\n                                   <\/div>\n\t\t\t\t\t\t\t\t\t\t\t\t\t\t\t\t\t\t\t\t\t<\/div>\n\t\t\t\t\t\n\t\t\t\t\t                    \n\t\t\t\t\t\t\t\t\t\t\t<div  class=\"sub-title\">\n\t\t\t\t\t\t\t <p>\n\t\t\t\t\t\t\t \tOnline terapi, internet \u00fczerinden g\u00f6r\u00fcnt\u00fcl\u00fc ve sesli olmak ko\u015fuluyla ger\u00e7ekle\u015ftirilen bir psikoterapi hizmetidir. \t\t\t\t\t\t\t <\/p>\n\t\t\t\t\t\t<\/div>\n\t\t\t\t\t\n                    \t\t\t            \t\t\t\t\t\t\t<div class=\"learn-more\">\t\n\t\t\t\t\t\t\t\t<span class=\"text-link\">\n\t\t\t\t\t\t\t\t\tYaz\u0131n\u0131n Devam\u0131\t\n\t                            <\/span>\n\t\t\t\t\t\t\t<\/div>\n\t\t\t\t\t\t\t\t\t\t    \n\t\t\t\t    \n\t\t\t\t<\/div>\n\n\t\t\t<\/div>\n\n         \t\t    <\/a>\n\t     \n\t\t\t\t<\/div>\n\t\t\t\t<\/div>\n\t\t\t\t\t<\/div>\n\t\t<\/div>\n\t\t\t\t\t\t\t<\/div>\n\t\t<\/section>\n\t\t\t\t<section class=\"elementor-section elementor-top-section elementor-element elementor-element-db875e0 elementor-section-boxed elementor-section-height-default elementor-section-height-default\" data-id=\"db875e0\" data-element_type=\"section\" data-settings=\"{&quot;background_background&quot;:&quot;classic&quot;}\">\n\t\t\t\t\t\t<div class=\"elementor-container elementor-column-gap-default\">\n\t\t\t\t\t<div class=\"elementor-column elementor-col-100 elementor-top-column elementor-element elementor-element-90b73a0\" data-id=\"90b73a0\" data-element_type=\"column\">\n\t\t\t<div class=\"elementor-widget-wrap elementor-element-populated\">\n\t\t\t\t\t\t\t\t<div class=\"elementor-element elementor-element-6d5a1c4 elementor-widget elementor-widget-athens_elementor_contact_info\" data-id=\"6d5a1c4\" data-element_type=\"widget\" data-widget_type=\"athens_elementor_contact_info.default\">\n\t\t\t\t<div class=\"elementor-widget-container\">\n\t\t\t\t\t\t<div class=\"ova-contact-info\">\n\t\t\t\t\n\t\t\t\t\t\t\t\t\t<div class=\"icon\">\n\t\t\t\t\t\t<i class=\"\"><\/i>\n\t\t\t\t\t<\/div>\t\n\t\t\t\t\t\t\t\t\n\n\t\t\t\t<div class=\"contact\">\n\t\t\t\t\t\n\t\t\t\t\t\n\t\t\t\t\t<ul class=\"info\">\n\t\t\t\t\t\t\n\t\t\t\t\t\t\t\t<li class=\"item\">\n\n\t\t\t\t\t\t\t\t\t\t\t\t\t\t\t\t\t\t\t\t\t<a href=\"tel: +90 531 830 08 04 \">\n\t\t\t\t\t\t\t\t\t\t\t\t\t +90 531 830 08 04\t\t\t\t\t\t\t\t\t\t\t\t<\/a>\n\t\t\t\t\t\t\t\t\t\t\t\t\t\t\t\t\t\t\t<\/li>\n\t\t\t\t\t\t\t\n\t\t\t\t\t\t\t\t\t\t\t<\/ul>\n\n\t\t\t\t<\/div>\n\n\t\t\t<\/div>\n\n\t\t\t\t<\/div>\n\t\t\t\t<\/div>\n\t\t\t\t<section class=\"elementor-section elementor-inner-section elementor-element elementor-element-478fbf7 elementor-section-boxed elementor-section-height-default elementor-section-height-default\" data-id=\"478fbf7\" data-element_type=\"section\">\n\t\t\t\t\t\t<div class=\"elementor-container elementor-column-gap-default\">\n\t\t\t\t\t<div class=\"elementor-column elementor-col-50 elementor-inner-column elementor-element elementor-element-8bb0ab4\" data-id=\"8bb0ab4\" data-element_type=\"column\">\n\t\t\t<div class=\"elementor-widget-wrap elementor-element-populated\">\n\t\t\t\t\t\t\t\t<div class=\"elementor-element elementor-element-79511f6 elementor-widget elementor-widget-athens_elementor_contact_info\" data-id=\"79511f6\" data-element_type=\"widget\" data-widget_type=\"athens_elementor_contact_info.default\">\n\t\t\t\t<div class=\"elementor-widget-container\">\n\t\t\t\t\t\t<div class=\"ova-contact-info\">\n\t\t\t\t\n\t\t\t\t\t\t\t\t\t<div class=\"icon\">\n\t\t\t\t\t\t<i class=\"iconly iconly-Message icbo\"><\/i>\n\t\t\t\t\t<\/div>\t\n\t\t\t\t\t\t\t\t\n\n\t\t\t\t<div class=\"contact\">\n\t\t\t\t\t\n\t\t\t\t\t\n\t\t\t\t\t<ul class=\"info\">\n\t\t\t\t\t\t\n\t\t\t\t\t\t\t\t<li class=\"item\">\n\n\t\t\t\t\t\t\t\t\t\t\t\t\t\t\t\t\t\t\t\t\t<a href=\"mailto: info@avsarsozmen.com \">\n\t\t\t\t\t\t\t\t\t\t\t\t\t info@avsarsozmen.com\t\t\t\t\t\t\t\t\t\t\t\t<\/a>\n\t\t\t\t\t\t\t\t\t\t\t\t\t\t\t\t\t\t\t<\/li>\n\t\t\t\t\t\t\t\n\t\t\t\t\t\t\t\t\t\t\t<\/ul>\n\n\t\t\t\t<\/div>\n\n\t\t\t<\/div>\n\n\t\t\t\t<\/div>\n\t\t\t\t<\/div>\n\t\t\t\t\t<\/div>\n\t\t<\/div>\n\t\t\t\t<div class=\"elementor-column elementor-col-50 elementor-inner-column elementor-element elementor-element-43ac4f6\" data-id=\"43ac4f6\" data-element_type=\"column\">\n\t\t\t<div class=\"elementor-widget-wrap elementor-element-populated\">\n\t\t\t\t\t\t\t\t<div class=\"elementor-element elementor-element-1c42b24 elementor-widget elementor-widget-athens_elementor_contact_info\" data-id=\"1c42b24\" data-element_type=\"widget\" data-widget_type=\"athens_elementor_contact_info.default\">\n\t\t\t\t<div class=\"elementor-widget-container\">\n\t\t\t\t\t\t<div class=\"ova-contact-info\">\n\t\t\t\t\n\t\t\t\t\t\t\t\t\t<div class=\"icon\">\n\t\t\t\t\t\t<i class=\"iconly iconly-Time-Circle icbo\"><\/i>\n\t\t\t\t\t<\/div>\t\n\t\t\t\t\t\t\t\t\n\n\t\t\t\t<div class=\"contact\">\n\t\t\t\t\t\n\t\t\t\t\t\t\t\t\t\t\t<div class=\"label\">\n\t\t\t\t\t\t\tP.tesi - C.tesi\t\t\t\t\t\t<\/div>\n\t\t\t\t\t\n\t\t\t\t\t<ul class=\"info\">\n\t\t\t\t\t\t\n\t\t\t\t\t\t\t\t<li class=\"item\">\n\n\t\t\t\t\t\t\t\t\t\t\t\t\t\t\t\t\t\t\t\t\t 09:00 - 22:00 (Y\u00fcz y\u00fcze-Online)\t\t\t\t\t\t\t\t\t\t\t\t\t\t\t\t\t\t\t<\/li>\n\t\t\t\t\t\t\t\n\t\t\t\t\t\t\t\t\t\t\t<\/ul>\n\n\t\t\t\t<\/div>\n\n\t\t\t<\/div>\n\n\t\t\t\t<\/div>\n\t\t\t\t<\/div>\n\t\t\t\t\t<\/div>\n\t\t<\/div>\n\t\t\t\t\t\t\t<\/div>\n\t\t<\/section>\n\t\t\t\t\t<\/div>\n\t\t<\/div>\n\t\t\t\t\t\t\t<\/div>\n\t\t<\/section>\n\t\t\t\t\t\t\t<\/div>\n\t\t","protected":false},"excerpt":{"rendered":"<p>Online terapi di\u011fer ad\u0131yla \u00e7evrimi\u00e7i terapi nedir? Uzm. Psk. Av\u015far S\u00d6ZMEN Online terapi, \u00e7evrimi\u00e7i terapi veya internet terapisi, internet teknolojileri kullan\u0131larak bireysel veya grup terapilerinin ger\u00e7ekle\u015ftirildi\u011fi bir uzaktan psikolojik yard\u0131m uygulamas\u0131d\u0131r.\u00a0 ONLINE\/\u00c7EVR\u0130M\u0130\u00c7\u0130 TERAP\u0130 NED\u0130R? Uzm. Psk. Av\u015far S\u00d6ZMEN Online Terapi G\u00fcn\u00fcm\u00fcz teknolojisinin her alanda oldu\u011fu gibi psikoloji d\u00fcnyas\u0131nda da yenilik\u00e7i geli\u015fmeler ortaya koydu\u011funu g\u00f6rmekteyiz Yaz\u0131n\u0131n [&hellip;]<\/p>\n","protected":false},"author":1,"featured_media":0,"parent":0,"menu_order":0,"comment_status":"closed","ping_status":"closed","template":"elementor_header_footer","meta":{"_monsterinsights_skip_tracking":false,"_monsterinsights_sitenote_active":false,"_monsterinsights_sitenote_note":"","_monsterinsights_sitenote_category":0,"footnotes":""},"class_list":["post-175","page","type-page","status-publish","hentry"],"aioseo_notices":[],"_links":{"self":[{"href":"https:\/\/www.avsarsozmen.com\/index.php\/wp-json\/wp\/v2\/pages\/175","targetHints":{"allow":["GET"]}}],"collection":[{"href":"https:\/\/www.avsarsozmen.com\/index.php\/wp-json\/wp\/v2\/pages"}],"about":[{"href":"https:\/\/www.avsarsozmen.com\/index.php\/wp-json\/wp\/v2\/types\/page"}],"author":[{"embeddable":true,"href":"https:\/\/www.avsarsozmen.com\/index.php\/wp-json\/wp\/v2\/users\/1"}],"replies":[{"embeddable":true,"href":"https:\/\/www.avsarsozmen.com\/index.php\/wp-json\/wp\/v2\/comments?post=175"}],"version-history":[{"count":35,"href":"https:\/\/www.avsarsozmen.com\/index.php\/wp-json\/wp\/v2\/pages\/175\/revisions"}],"predecessor-version":[{"id":8455,"href":"https:\/\/www.avsarsozmen.com\/index.php\/wp-json\/wp\/v2\/pages\/175\/revisions\/8455"}],"wp:attachment":[{"href":"https:\/\/www.avsarsozmen.com\/index.php\/wp-json\/wp\/v2\/media?parent=175"}],"curies":[{"name":"wp","href":"https:\/\/api.w.org\/{rel}","templated":true}]}}