{"id":2406,"date":"2021-11-02T02:54:00","date_gmt":"2021-11-01T23:54:00","guid":{"rendered":"http:\/\/demo.ovathemes.com\/athens\/?page_id=2406"},"modified":"2022-05-06T22:45:21","modified_gmt":"2022-05-06T19:45:21","slug":"yontemler","status":"publish","type":"page","link":"https:\/\/www.avsarsozmen.com\/index.php\/yontemler\/","title":{"rendered":"Y\u00f6ntemler"},"content":{"rendered":"\t\t<div data-elementor-type=\"wp-page\" data-elementor-id=\"2406\" class=\"elementor elementor-2406\">\n\t\t\t\t\t\t\t\t\t<section class=\"elementor-section elementor-top-section elementor-element elementor-element-3d50158 elementor-section-boxed elementor-section-height-default elementor-section-height-default\" data-id=\"3d50158\" data-element_type=\"section\">\n\t\t\t\t\t\t<div class=\"elementor-container elementor-column-gap-default\">\n\t\t\t\t\t<div class=\"elementor-column elementor-col-100 elementor-top-column elementor-element elementor-element-fc47a20\" data-id=\"fc47a20\" data-element_type=\"column\">\n\t\t\t<div class=\"elementor-widget-wrap elementor-element-populated\">\n\t\t\t\t\t\t\t\t<div class=\"elementor-element elementor-element-8ffaa29 elementor-widget elementor-widget-athens_elementor_case_study_ajax3\" data-id=\"8ffaa29\" data-element_type=\"widget\" data-widget_type=\"athens_elementor_case_study_ajax3.default\">\n\t\t\t\t<div class=\"elementor-widget-container\">\n\t\t\t\n<div class=\"ova-case-study-ajax3\"\n\t data-per-page=\"2\" \n\t data-orderby=\"title\" \n\t data-order=\"ASC\" \n\t data-category-not-in=\"\" \n\t data-show-pagination=\"yes\" \n\t data-target=\"yes\" \n\t data-layout=\"3\"\n\t>\n\t\t\t<ul class=\"case-study-categories\">\n\t\t\t\t\t\t\t<li class=\"case-study-category case-study-active\" data-slug=\"sema-terapi\">\n\t\t\t\t\t\u015eema Terapi\t\t\t\t\t\t\t\t\t\t\t<i aria-hidden=\"true\" class=\"flaticon flaticon-minus-sign-1\"><\/i>\n\t\t\t\t\t\t\t\t\t<\/li>\n\t\t\t\t\t\t\t\t\t<div class=\"case-study-container-mobile\"><\/div>\n\t\t\t\t\t\t\t\t\t\t\t<li class=\"case-study-category\" data-slug=\"metakognitif-terapi\">\n\t\t\t\t\tMetakognitif Terapi\t\t\t\t\t\t\t\t\t\t\t<i aria-hidden=\"true\" class=\"flaticon flaticon-plus\"><\/i>\n\t\t\t\t\t\t\t\t\t<\/li>\n\t\t\t\t\t\t\t\t\t\t\t<li class=\"case-study-category\" data-slug=\"kisa-sureli-cozum-odakli-terapi\">\n\t\t\t\t\tK\u0131sa S\u00fcreli \u00c7\u00f6z\u00fcm Odakl\u0131 Terapi\t\t\t\t\t\t\t\t\t\t\t<i aria-hidden=\"true\" class=\"flaticon flaticon-plus\"><\/i>\n\t\t\t\t\t\t\t\t\t<\/li>\n\t\t\t\t\t\t\t\t\t\t\t<li class=\"case-study-category\" data-slug=\"kabul-ve-adanmislik-terapisi\">\n\t\t\t\t\tKabul ve Adanm\u0131\u015fl\u0131k Terapisi\t\t\t\t\t\t\t\t\t\t\t<i aria-hidden=\"true\" class=\"flaticon flaticon-plus\"><\/i>\n\t\t\t\t\t\t\t\t\t<\/li>\n\t\t\t\t\t\t\t\t\t\t\t<li class=\"case-study-category\" data-slug=\"bilissel-davranisci-terapi\">\n\t\t\t\t\tBili\u015fsel Davran\u0131\u015f\u00e7\u0131 Terapi\t\t\t\t\t\t\t\t\t\t\t<i aria-hidden=\"true\" class=\"flaticon flaticon-plus\"><\/i>\n\t\t\t\t\t\t\t\t\t<\/li>\n\t\t\t\t\t\t\t\t\t<\/ul>\n\t\t<div class=\"case-study-container\">\n\t\t\n\t<div class=\"case-study-content\">\n\t\t\t\t<div class=\"case-study-item\" style=\"background-image: url(https:\/\/www.avsarsozmen.com\/wp-content\/uploads\/2021\/11\/Intellectual-Property-1.png)\">\n\t\t\t<img loading=\"lazy\" decoding=\"async\" width=\"700\" height=\"511\" src=\"https:\/\/www.avsarsozmen.com\/wp-content\/uploads\/2021\/11\/Intellectual-Property-1.png\" class=\"case-study-img-responsive wp-post-image\" alt=\"Intellectual Property 1\" srcset=\"https:\/\/www.avsarsozmen.com\/wp-content\/uploads\/2021\/11\/Intellectual-Property-1.png 700w, https:\/\/www.avsarsozmen.com\/wp-content\/uploads\/2021\/11\/Intellectual-Property-1-300x219.png 300w\" sizes=\"auto, (max-width: 700px) 100vw, 700px\" \/>\t\t\t<span class=\"date\">\n\t\t\t     2021\t\t\t<\/span>\n\t\t\t<div class=\"item-content\">\n\t\t\t\t<h2 class=\"title\">\n\t\t\t\t\t<a href=\"https:\/\/www.avsarsozmen.com\/index.php\/ova_case_study\/one-famous-trade-secret-theft\/\" target=&quot;_blank&quot;>ACT modeli nedir?<\/a>\n\t\t\t\t<\/h2>\n\t\t\t\t<p class=\"description\">The unique Design of ABC company had been copied and used by their competitor and This caused a significant reduction in sales<\/p>\n\t\t\t<\/div>\n\t\t<\/div>\n\t\t\t\t<div class=\"case-study-item\" style=\"background-image: url(https:\/\/www.avsarsozmen.com\/wp-content\/uploads\/2021\/11\/Intellectual-Property-2.png)\">\n\t\t\t<img loading=\"lazy\" decoding=\"async\" width=\"700\" height=\"511\" src=\"https:\/\/www.avsarsozmen.com\/wp-content\/uploads\/2021\/11\/Intellectual-Property-2.png\" class=\"case-study-img-responsive wp-post-image\" alt=\"Intellectual Property 2\" srcset=\"https:\/\/www.avsarsozmen.com\/wp-content\/uploads\/2021\/11\/Intellectual-Property-2.png 700w, https:\/\/www.avsarsozmen.com\/wp-content\/uploads\/2021\/11\/Intellectual-Property-2-300x219.png 300w\" sizes=\"auto, (max-width: 700px) 100vw, 700px\" \/>\t\t\t<span class=\"date\">\n\t\t\t     2021\t\t\t<\/span>\n\t\t\t<div class=\"item-content\">\n\t\t\t\t<h2 class=\"title\">\n\t\t\t\t\t<a href=\"https:\/\/www.avsarsozmen.com\/index.php\/ova_case_study\/intellectual-property-rights-are-infringed-2\/\" target=&quot;_blank&quot;>ACT ne demek psikoloji?<\/a>\n\t\t\t\t<\/h2>\n\t\t\t\t<p class=\"description\">A breach happened when a singer copied and used the song of Michael musician to perform in several her shows without consent<\/p>\n\t\t\t<\/div>\n\t\t<\/div>\n\t\t\t<\/div>\n\t<div class=\"wrap_loader\">\n\t\t<svg class=\"loader\" width=\"50\" height=\"50\">\n\t\t\t<circle cx=\"25\" cy=\"25\" r=\"10\" \/>\n\t\t\t<circle cx=\"25\" cy=\"25\" r=\"20\" \/>\n\t\t<\/svg>\n\t<\/div>\n\t<ul class=\"case-study-pagination\"><li><span data-paged=\"1\" class=\"prev page-numbers current\" >1<\/span><\/li><li><span data-paged=\"2\" class=\"page-numbers\" >2<\/span><\/li><li><span data-paged=\"3\" class=\"page-numbers\" >3<\/span><\/li><li><span data-paged=\"4\" class=\"page-numbers\" >4<\/span><\/li><li><span data-paged=\"5\" class=\"page-numbers\" >5<\/span><\/li><li><span data-paged=\"6\" class=\"page-numbers\" >6<\/span><\/li><li><span data-paged=\"7\" class=\"page-numbers\" >7<\/span><\/li><li><span data-paged=\"8\" class=\"page-numbers\" >8<\/span><\/li><li><span data-paged=\"9\" class=\"page-numbers\" >9<\/span><\/li><li><span data-paged=\"10\" class=\"page-numbers\" >10<\/span><\/li><li><span data-paged=\"11\" class=\"page-numbers\" >11<\/span><\/li><li><span data-paged=\"12\" class=\"page-numbers\" >12<\/span><\/li><li><span data-paged=\"13\" class=\"page-numbers\" >13<\/span><\/li><li><span data-paged=\"14\" class=\"page-numbers\" >14<\/span><\/li><li><span data-paged=\"2\" class=\"next page-numbers\" >Next<\/span><\/li>\t<\/div>\n<\/div>\t\t<\/div>\n\t\t\t\t<\/div>\n\t\t\t\t\t<\/div>\n\t\t<\/div>\n\t\t\t\t\t\t\t<\/div>\n\t\t<\/section>\n\t\t\t\t<section class=\"elementor-section elementor-top-section elementor-element elementor-element-7c91138 elementor-section-boxed elementor-section-height-default elementor-section-height-default\" data-id=\"7c91138\" data-element_type=\"section\" data-settings=\"{&quot;background_background&quot;:&quot;classic&quot;}\">\n\t\t\t\t\t\t<div class=\"elementor-container elementor-column-gap-default\">\n\t\t\t\t\t<div class=\"elementor-column elementor-col-100 elementor-top-column elementor-element elementor-element-185015f\" data-id=\"185015f\" data-element_type=\"column\">\n\t\t\t<div class=\"elementor-widget-wrap elementor-element-populated\">\n\t\t\t\t\t\t\t\t<div class=\"elementor-element elementor-element-8ad467d elementor-widget elementor-widget-athens_elementor_contact_info\" data-id=\"8ad467d\" data-element_type=\"widget\" data-widget_type=\"athens_elementor_contact_info.default\">\n\t\t\t\t<div class=\"elementor-widget-container\">\n\t\t\t\t\t\t<div class=\"ova-contact-info\">\n\t\t\t\t\n\t\t\t\t\t\t\t\t\t<div class=\"icon\">\n\t\t\t\t\t\t<i class=\"\"><\/i>\n\t\t\t\t\t<\/div>\t\n\t\t\t\t\t\t\t\t\n\n\t\t\t\t<div class=\"contact\">\n\t\t\t\t\t\n\t\t\t\t\t\n\t\t\t\t\t<ul class=\"info\">\n\t\t\t\t\t\t\n\t\t\t\t\t\t\t\t<li class=\"item\">\n\n\t\t\t\t\t\t\t\t\t\t\t\t\t\t\t\t\t\t\t\t\t<a href=\"tel: +90 531 830 08 04 \">\n\t\t\t\t\t\t\t\t\t\t\t\t\t +90 531 830 08 04\t\t\t\t\t\t\t\t\t\t\t\t<\/a>\n\t\t\t\t\t\t\t\t\t\t\t\t\t\t\t\t\t\t\t<\/li>\n\t\t\t\t\t\t\t\n\t\t\t\t\t\t\t\t\t\t\t<\/ul>\n\n\t\t\t\t<\/div>\n\n\t\t\t<\/div>\n\n\t\t\t\t<\/div>\n\t\t\t\t<\/div>\n\t\t\t\t<section class=\"elementor-section elementor-inner-section elementor-element elementor-element-8b8c7e3 elementor-section-boxed elementor-section-height-default elementor-section-height-default\" data-id=\"8b8c7e3\" data-element_type=\"section\">\n\t\t\t\t\t\t<div class=\"elementor-container elementor-column-gap-default\">\n\t\t\t\t\t<div class=\"elementor-column elementor-col-50 elementor-inner-column elementor-element elementor-element-16fb182\" data-id=\"16fb182\" data-element_type=\"column\">\n\t\t\t<div class=\"elementor-widget-wrap elementor-element-populated\">\n\t\t\t\t\t\t\t\t<div class=\"elementor-element elementor-element-3d2de74 elementor-widget elementor-widget-athens_elementor_contact_info\" data-id=\"3d2de74\" data-element_type=\"widget\" data-widget_type=\"athens_elementor_contact_info.default\">\n\t\t\t\t<div class=\"elementor-widget-container\">\n\t\t\t\t\t\t<div class=\"ova-contact-info\">\n\t\t\t\t\n\t\t\t\t\t\t\t\t\t<div class=\"icon\">\n\t\t\t\t\t\t<i class=\"iconly iconly-Message icbo\"><\/i>\n\t\t\t\t\t<\/div>\t\n\t\t\t\t\t\t\t\t\n\n\t\t\t\t<div class=\"contact\">\n\t\t\t\t\t\n\t\t\t\t\t\n\t\t\t\t\t<ul class=\"info\">\n\t\t\t\t\t\t\n\t\t\t\t\t\t\t\t<li class=\"item\">\n\n\t\t\t\t\t\t\t\t\t\t\t\t\t\t\t\t\t\t\t\t\t<a href=\"mailto: info@avsarsozmen.com \">\n\t\t\t\t\t\t\t\t\t\t\t\t\t info@avsarsozmen.com\t\t\t\t\t\t\t\t\t\t\t\t<\/a>\n\t\t\t\t\t\t\t\t\t\t\t\t\t\t\t\t\t\t\t<\/li>\n\t\t\t\t\t\t\t\n\t\t\t\t\t\t\t\t\t\t\t<\/ul>\n\n\t\t\t\t<\/div>\n\n\t\t\t<\/div>\n\n\t\t\t\t<\/div>\n\t\t\t\t<\/div>\n\t\t\t\t\t<\/div>\n\t\t<\/div>\n\t\t\t\t<div class=\"elementor-column elementor-col-50 elementor-inner-column elementor-element elementor-element-35a27a3\" data-id=\"35a27a3\" data-element_type=\"column\">\n\t\t\t<div class=\"elementor-widget-wrap elementor-element-populated\">\n\t\t\t\t\t\t\t\t<div class=\"elementor-element elementor-element-455c849 elementor-widget elementor-widget-athens_elementor_contact_info\" data-id=\"455c849\" data-element_type=\"widget\" data-widget_type=\"athens_elementor_contact_info.default\">\n\t\t\t\t<div class=\"elementor-widget-container\">\n\t\t\t\t\t\t<div class=\"ova-contact-info\">\n\t\t\t\t\n\t\t\t\t\t\t\t\t\t<div class=\"icon\">\n\t\t\t\t\t\t<i class=\"iconly iconly-Time-Circle icbo\"><\/i>\n\t\t\t\t\t<\/div>\t\n\t\t\t\t\t\t\t\t\n\n\t\t\t\t<div class=\"contact\">\n\t\t\t\t\t\n\t\t\t\t\t\t\t\t\t\t\t<div class=\"label\">\n\t\t\t\t\t\t\tP.tesi - C.tesi\t\t\t\t\t\t<\/div>\n\t\t\t\t\t\n\t\t\t\t\t<ul class=\"info\">\n\t\t\t\t\t\t\n\t\t\t\t\t\t\t\t<li class=\"item\">\n\n\t\t\t\t\t\t\t\t\t\t\t\t\t\t\t\t\t\t\t\t\t 09:00 - 22:00 (Y\u00fcz y\u00fcze-Online)\t\t\t\t\t\t\t\t\t\t\t\t\t\t\t\t\t\t\t<\/li>\n\t\t\t\t\t\t\t\n\t\t\t\t\t\t\t\t\t\t\t<\/ul>\n\n\t\t\t\t<\/div>\n\n\t\t\t<\/div>\n\n\t\t\t\t<\/div>\n\t\t\t\t<\/div>\n\t\t\t\t\t<\/div>\n\t\t<\/div>\n\t\t\t\t\t\t\t<\/div>\n\t\t<\/section>\n\t\t\t\t\t<\/div>\n\t\t<\/div>\n\t\t\t\t\t\t\t<\/div>\n\t\t<\/section>\n\t\t\t\t\t\t\t<\/div>\n\t\t","protected":false},"excerpt":{"rendered":"<p>\u015eema Terapi Metakognitif Terapi K\u0131sa S\u00fcreli \u00c7\u00f6z\u00fcm Odakl\u0131 Terapi Kabul ve Adanm\u0131\u015fl\u0131k Terapisi Bili\u015fsel Davran\u0131\u015f\u00e7\u0131 Terapi 2021 ACT modeli nedir? The unique Design of ABC company had been copied and used by their competitor and This caused a significant reduction in sales 2021 ACT ne demek psikoloji? A breach happened when a singer copied and [&hellip;]<\/p>\n","protected":false},"author":1,"featured_media":6408,"parent":0,"menu_order":0,"comment_status":"closed","ping_status":"closed","template":"elementor_header_footer","meta":{"_monsterinsights_skip_tracking":false,"_monsterinsights_sitenote_active":false,"_monsterinsights_sitenote_note":"","_monsterinsights_sitenote_category":0,"footnotes":""},"class_list":["post-2406","page","type-page","status-publish","has-post-thumbnail","hentry"],"aioseo_notices":[],"_links":{"self":[{"href":"https:\/\/www.avsarsozmen.com\/index.php\/wp-json\/wp\/v2\/pages\/2406","targetHints":{"allow":["GET"]}}],"collection":[{"href":"https:\/\/www.avsarsozmen.com\/index.php\/wp-json\/wp\/v2\/pages"}],"about":[{"href":"https:\/\/www.avsarsozmen.com\/index.php\/wp-json\/wp\/v2\/types\/page"}],"author":[{"embeddable":true,"href":"https:\/\/www.avsarsozmen.com\/index.php\/wp-json\/wp\/v2\/users\/1"}],"replies":[{"embeddable":true,"href":"https:\/\/www.avsarsozmen.com\/index.php\/wp-json\/wp\/v2\/comments?post=2406"}],"version-history":[{"count":19,"href":"https:\/\/www.avsarsozmen.com\/index.php\/wp-json\/wp\/v2\/pages\/2406\/revisions"}],"predecessor-version":[{"id":8375,"href":"https:\/\/www.avsarsozmen.com\/index.php\/wp-json\/wp\/v2\/pages\/2406\/revisions\/8375"}],"wp:featuredmedia":[{"embeddable":true,"href":"https:\/\/www.avsarsozmen.com\/index.php\/wp-json\/wp\/v2\/media\/6408"}],"wp:attachment":[{"href":"https:\/\/www.avsarsozmen.com\/index.php\/wp-json\/wp\/v2\/media?parent=2406"}],"curies":[{"name":"wp","href":"https:\/\/api.w.org\/{rel}","templated":true}]}}