{"id":35,"date":"2021-10-19T07:13:44","date_gmt":"2021-10-19T04:13:44","guid":{"rendered":"http:\/\/demo.ovathemes.com\/athens\/?page_id=35"},"modified":"2024-02-25T14:31:14","modified_gmt":"2024-02-25T11:31:14","slug":"bireysel-terapi","status":"publish","type":"page","link":"https:\/\/www.avsarsozmen.com\/index.php\/bireysel-terapi\/","title":{"rendered":"Bireysel Terapi"},"content":{"rendered":"\t\t<div data-elementor-type=\"wp-page\" data-elementor-id=\"35\" class=\"elementor elementor-35\">\n\t\t\t\t\t\t\t\t\t<section class=\"elementor-section elementor-top-section elementor-element elementor-element-610bfa3 elementor-section-boxed elementor-section-height-default elementor-section-height-default\" data-id=\"610bfa3\" data-element_type=\"section\">\n\t\t\t\t\t\t<div class=\"elementor-container elementor-column-gap-default\">\n\t\t\t\t\t<div class=\"elementor-column elementor-col-50 elementor-top-column elementor-element elementor-element-4885b23\" data-id=\"4885b23\" data-element_type=\"column\">\n\t\t\t<div class=\"elementor-widget-wrap elementor-element-populated\">\n\t\t\t\t\t\t\t\t<div class=\"elementor-element elementor-element-8a9e054 elementor-widget elementor-widget-athens_elementor_heading\" data-id=\"8a9e054\" data-element_type=\"widget\" data-widget_type=\"athens_elementor_heading.default\">\n\t\t\t\t<div class=\"elementor-widget-container\">\n\t\t\t\t\t<div class=\"ova-heading template3\">\n\t\t\t\t\t\t\t<!-- Title -->\n\t\t\t\t<h2 class=\"title\">\t\t\t\t\t\t\t\t\t\t\tBireysel Terapi Nedir? Nas\u0131l \u00fcstesinden geliriz?\t\t\t\t\t\t\t\t\t<\/h2>\t\t\t\t<!-- Description -->\n\t\t\t\t\n\t\t\t\t\t<\/div>\n\t\t\t\t<\/div>\n\t\t\t\t<\/div>\n\t\t\t\t\t<\/div>\n\t\t<\/div>\n\t\t\t\t<div class=\"elementor-column elementor-col-50 elementor-top-column elementor-element elementor-element-67e7d94\" data-id=\"67e7d94\" data-element_type=\"column\">\n\t\t\t<div class=\"elementor-widget-wrap elementor-element-populated\">\n\t\t\t\t\t\t\t\t<div class=\"elementor-element elementor-element-713dad3 elementor-widget elementor-widget-text-editor\" data-id=\"713dad3\" data-element_type=\"widget\" data-widget_type=\"text-editor.default\">\n\t\t\t\t<div class=\"elementor-widget-container\">\n\t\t\t<style>\/*! elementor - v3.14.0 - 26-06-2023 *\/\n.elementor-widget-text-editor.elementor-drop-cap-view-stacked .elementor-drop-cap{background-color:#69727d;color:#fff}.elementor-widget-text-editor.elementor-drop-cap-view-framed .elementor-drop-cap{color:#69727d;border:3px solid;background-color:transparent}.elementor-widget-text-editor:not(.elementor-drop-cap-view-default) .elementor-drop-cap{margin-top:8px}.elementor-widget-text-editor:not(.elementor-drop-cap-view-default) .elementor-drop-cap-letter{width:1em;height:1em}.elementor-widget-text-editor .elementor-drop-cap{float:left;text-align:center;line-height:1;font-size:50px}.elementor-widget-text-editor .elementor-drop-cap-letter{display:inline-block}<\/style>\t\t\t\t<p><b>Bireysel terapi bireylerin<\/b>\u00a0hayatlar\u0131nda zorluk \u00e7ektikleri s\u00fcre\u00e7lerde veya ki\u015fisel geli\u015fimlerini deneyimlemek istediklerinde uzman bir psikoterapistten destek alma s\u00fcreci olarak tan\u0131mlanmaktad\u0131r. Ki\u015fisel\u00a0<b>terapi<\/b>\u00a0bireyin uzman psikoterapist ile birlikte \u00e7\u00f6zebilecekleri sorunlar i\u00e7in yap\u0131lan bir terapidir.<\/p>\t\t\t\t\t\t<\/div>\n\t\t\t\t<\/div>\n\t\t\t\t\t<\/div>\n\t\t<\/div>\n\t\t\t\t\t\t\t<\/div>\n\t\t<\/section>\n\t\t\t\t<section class=\"elementor-section elementor-top-section elementor-element elementor-element-c15584e elementor-section-boxed elementor-section-height-default elementor-section-height-default\" data-id=\"c15584e\" data-element_type=\"section\" data-settings=\"{&quot;background_background&quot;:&quot;classic&quot;}\">\n\t\t\t\t\t\t<div class=\"elementor-container elementor-column-gap-custom\">\n\t\t\t\t\t<div class=\"elementor-column elementor-col-33 elementor-top-column elementor-element elementor-element-1fd69b4\" data-id=\"1fd69b4\" data-element_type=\"column\">\n\t\t\t<div class=\"elementor-widget-wrap elementor-element-populated\">\n\t\t\t\t\t\t\t\t<div class=\"elementor-element elementor-element-a98ee1c elementor-widget elementor-widget-athens_elementor_practice_areas\" data-id=\"a98ee1c\" data-element_type=\"widget\" data-widget_type=\"athens_elementor_practice_areas.default\">\n\t\t\t\t<div class=\"elementor-widget-container\">\n\t\t\t\n         \t\n\t\t\t<a href=\"http:\/\/www.avsarsozmen.com\/index.php\/2022\/04\/21\/psikoterapi-ne-degildir\/ \"   >\n\t\t \n\t\t    <div class=\"ova-practice-areas  ova-practice-areas-template1\">\n\n\t\t\t\t<div class=\"img\">\n\t\t\t\t\t<img decoding=\"async\" src=\"http:\/\/www.avsarsozmen.com\/wp-content\/uploads\/2022\/04\/Adsiz-tasarim-19.jpg\" class=\"practice-areas-img\" alt=\"Psikoterapi Ne De\u011fildir?\">\n\t\t\t\t<\/div>\n              \n\t\t\t\t<div class=\"info\">\n\n\t\t\t\t\t\t\t\t\t\t\t<div class=\"title\">\n\t\t\t\t\t\t\t<h2>\n\t\t\t\t\t\t\t\tPsikoterapi Ne De\u011fildir?\t\t\t\t\t\t\t<\/h2>\n\t\t\t\t\t\t\t\t\t\t\t\t\t<\/div>\n\t\t\t\t\t\n\t\t\t\t\t\t\t\t\t\t\t                           <div class=\"completed\">\n                           \t    <span class=\"text\">\n                           \t    \tUzm. Psk. Av\u015far                           \t    <\/span>\n                           \t    <span class=\"number\">\n                           \t    \tS\u00f6zmen                           \t    <\/span>\n                           <\/div>\n\t\t\t\t\t\t\t\t\t\t\t                    \n\t\t\t\t\t\t\t\t\t\t\t<div  class=\"sub-title\">\n\t\t\t\t\t\t\t <p>\n\t\t\t\t\t\t\t \tBu soruya bir yan\u0131t olu\u015fturduktan sonra \u201cpsikoterapi nedir?\u201d sorusunun cevab\u0131 ister istemez ortaya \u00e7\u0131km\u0131\u015f olacak...\t\t\t\t\t\t\t <\/p>\n\t\t\t\t\t\t<\/div>\n\t\t\t\t\t\n                    \n\t\t\t\t    \t\t\t\t\t\t\t<div class=\"button\">\n                                <i class=\"ovaicon-right-arrow\"><\/i>\n\t\t\t\t\t\t\t<\/div>\n\t\t\t\t    \n\t\t\t\t<\/div>\n\n\t\t\t<\/div>\n\n         \t\t    <\/a>\n\t     \n\t\t\t\t<\/div>\n\t\t\t\t<\/div>\n\t\t\t\t<div class=\"elementor-element elementor-element-105077a elementor-widget elementor-widget-athens_elementor_practice_areas\" data-id=\"105077a\" data-element_type=\"widget\" data-widget_type=\"athens_elementor_practice_areas.default\">\n\t\t\t\t<div class=\"elementor-widget-container\">\n\t\t\t\n         \t\n\t\t\t<a href=\"http:\/\/www.avsarsozmen.com\/index.php\/2022\/04\/21\/bireysel-psikoterapi-nedir-2\/ \"   >\n\t\t \n\t\t    <div class=\"ova-practice-areas  ova-practice-areas-template1\">\n\n\t\t\t\t<div class=\"img\">\n\t\t\t\t\t<img decoding=\"async\" src=\"http:\/\/www.avsarsozmen.com\/wp-content\/uploads\/2021\/11\/attorney-6.jpg\" class=\"practice-areas-img\" alt=\"Bireysel Psikoterapi Nedir?\">\n\t\t\t\t<\/div>\n              \n\t\t\t\t<div class=\"info\">\n\n\t\t\t\t\t\t\t\t\t\t\t<div class=\"title\">\n\t\t\t\t\t\t\t<h2>\n\t\t\t\t\t\t\t\tBireysel Psikoterapi Nedir?\t\t\t\t\t\t\t<\/h2>\n\t\t\t\t\t\t\t\t\t\t\t\t\t<\/div>\n\t\t\t\t\t\n\t\t\t\t\t\t\t\t\t\t\t                           <div class=\"completed\">\n                           \t    <span class=\"text\">\n                           \t    \tUzm. Psk. Av\u015far                           \t    <\/span>\n                           \t    <span class=\"number\">\n                           \t    \tS\u00f6zmen                           \t    <\/span>\n                           <\/div>\n\t\t\t\t\t\t\t\t\t\t\t                    \n\t\t\t\t\t\t\t\t\t\t\t<div  class=\"sub-title\">\n\t\t\t\t\t\t\t <p>\n\t\t\t\t\t\t\t \tBireysel psikoterapi, e\u011fitimli bir profesyonel (psikoterapist) ve bireyin (dan\u0131\u015fan), birebir olarak etkile\u015fime girdi\u011fi terapi uygulamalar\u0131d\u0131r.\t\t\t\t\t\t\t <\/p>\n\t\t\t\t\t\t<\/div>\n\t\t\t\t\t\n                    \n\t\t\t\t    \t\t\t\t\t\t\t<div class=\"button\">\n                                <i class=\"ovaicon-right-arrow\"><\/i>\n\t\t\t\t\t\t\t<\/div>\n\t\t\t\t    \n\t\t\t\t<\/div>\n\n\t\t\t<\/div>\n\n         \t\t    <\/a>\n\t     \n\t\t\t\t<\/div>\n\t\t\t\t<\/div>\n\t\t\t\t\t<\/div>\n\t\t<\/div>\n\t\t\t\t<div class=\"elementor-column elementor-col-33 elementor-top-column elementor-element elementor-element-db8b540\" data-id=\"db8b540\" data-element_type=\"column\">\n\t\t\t<div class=\"elementor-widget-wrap elementor-element-populated\">\n\t\t\t\t\t\t\t\t<div class=\"elementor-element elementor-element-a2a1802 elementor-widget elementor-widget-athens_elementor_practice_areas\" data-id=\"a2a1802\" data-element_type=\"widget\" data-widget_type=\"athens_elementor_practice_areas.default\">\n\t\t\t\t<div class=\"elementor-widget-container\">\n\t\t\t\n         \t\n\t\t\t<a href=\"http:\/\/www.avsarsozmen.com\/index.php\/2022\/04\/21\/bireysel-terapinin-faydalari-nelerdir\/ \"   >\n\t\t \n\t\t    <div class=\"ova-practice-areas  ova-practice-areas-template1\">\n\n\t\t\t\t<div class=\"img\">\n\t\t\t\t\t<img decoding=\"async\" src=\"http:\/\/www.avsarsozmen.com\/wp-content\/uploads\/2022\/04\/Adsiz-tasarim-17.jpg\" class=\"practice-areas-img\" alt=\"Bireysel Terapinin Faydalar\u0131 Nelerdir?\">\n\t\t\t\t<\/div>\n              \n\t\t\t\t<div class=\"info\">\n\n\t\t\t\t\t\t\t\t\t\t\t<div class=\"title\">\n\t\t\t\t\t\t\t<h2>\n\t\t\t\t\t\t\t\tBireysel Terapinin Faydalar\u0131 Nelerdir?\t\t\t\t\t\t\t<\/h2>\n\t\t\t\t\t\t\t\t\t\t\t\t\t<\/div>\n\t\t\t\t\t\n\t\t\t\t\t\t\t\t\t\t\t                           <div class=\"completed\">\n                           \t    <span class=\"text\">\n                           \t    \tUzm. Psk. Av\u015far                           \t    <\/span>\n                           \t    <span class=\"number\">\n                           \t    \tS\u00f6zmen                           \t    <\/span>\n                           <\/div>\n\t\t\t\t\t\t\t\t\t\t\t                    \n\t\t\t\t\t\t\t\t\t\t\t<div  class=\"sub-title\">\n\t\t\t\t\t\t\t <p>\n\t\t\t\t\t\t\t \tK\u0131sa ve uzun vadeli faydalar s\u00fcrece g\u00f6re bir i\u00e7 i\u00e7e ge\u00e7mi\u015flikle kar\u015f\u0131l\u0131yor ki\u015fileri. Peki, bu faydalar neler olabilir? Birlikte birka\u00e7\u0131na g\u00f6z atal\u0131m;\t\t\t\t\t\t\t <\/p>\n\t\t\t\t\t\t<\/div>\n\t\t\t\t\t\n                    \n\t\t\t\t    \t\t\t\t\t\t\t<div class=\"button\">\n                                <i class=\"ovaicon-right-arrow\"><\/i>\n\t\t\t\t\t\t\t<\/div>\n\t\t\t\t    \n\t\t\t\t<\/div>\n\n\t\t\t<\/div>\n\n         \t\t    <\/a>\n\t     \n\t\t\t\t<\/div>\n\t\t\t\t<\/div>\n\t\t\t\t<div class=\"elementor-element elementor-element-2722214 elementor-hidden-desktop elementor-hidden-mobile elementor-widget elementor-widget-athens_elementor_practice_areas\" data-id=\"2722214\" data-element_type=\"widget\" data-widget_type=\"athens_elementor_practice_areas.default\">\n\t\t\t\t<div class=\"elementor-widget-container\">\n\t\t\t\n         \n\t\t    <div class=\"ova-practice-areas  ova-practice-areas-template1\">\n\n\t\t\t\t<div class=\"img\">\n\t\t\t\t\t<img decoding=\"async\" src=\"http:\/\/demo.ovathemes.com\/athens\/wp-content\/uploads\/2021\/10\/practice-areas-v1-6.jpg\" class=\"practice-areas-img\" alt=\"Health Care Law\">\n\t\t\t\t<\/div>\n              \n\t\t\t\t<div class=\"info\">\n\n\t\t\t\t\t\t\t\t\t\t\t<div class=\"title\">\n\t\t\t\t\t\t\t<h2>\n\t\t\t\t\t\t\t\tHealth Care Law\t\t\t\t\t\t\t<\/h2>\n\t\t\t\t\t\t\t\t\t\t\t\t\t<\/div>\n\t\t\t\t\t\n\t\t\t\t\t\t\t\t\t\t\t                           <div class=\"completed\">\n                           \t    <span class=\"text\">\n                           \t    \tUzm. Psk. Av\u015far                           \t    <\/span>\n                           \t    <span class=\"number\">\n                           \t    \tS\u00f6zmen                           \t    <\/span>\n                           <\/div>\n\t\t\t\t\t\t\t\t\t\t\t                    \n\t\t\t\t\t\t\t\t\t\t\t<div  class=\"sub-title\">\n\t\t\t\t\t\t\t <p>\n\t\t\t\t\t\t\t \tOur lawyers represent a broad range of healthcare professionals and entities\t\t\t\t\t\t\t <\/p>\n\t\t\t\t\t\t<\/div>\n\t\t\t\t\t\n                    \n\t\t\t\t    \t\t\t\t\t\t\t<div class=\"button\">\n                                <i class=\"ovaicon-right-arrow\"><\/i>\n\t\t\t\t\t\t\t<\/div>\n\t\t\t\t    \n\t\t\t\t<\/div>\n\n\t\t\t<\/div>\n\n         \n\t\t\t\t<\/div>\n\t\t\t\t<\/div>\n\t\t\t\t\t<\/div>\n\t\t<\/div>\n\t\t\t\t<div class=\"elementor-column elementor-col-33 elementor-top-column elementor-element elementor-element-9af49eb elementor-hidden-tablet\" data-id=\"9af49eb\" data-element_type=\"column\">\n\t\t\t<div class=\"elementor-widget-wrap elementor-element-populated\">\n\t\t\t\t\t\t\t\t<div class=\"elementor-element elementor-element-6d50cbf elementor-widget elementor-widget-athens_elementor_practice_areas\" data-id=\"6d50cbf\" data-element_type=\"widget\" data-widget_type=\"athens_elementor_practice_areas.default\">\n\t\t\t\t<div class=\"elementor-widget-container\">\n\t\t\t\n         \t\n\t\t\t<a href=\"http:\/\/www.avsarsozmen.com\/index.php\/2022\/04\/21\/bireysel-psikoterapi-nedir\/ \"   >\n\t\t \n\t\t    <div class=\"ova-practice-areas  ova-practice-areas-template1\">\n\n\t\t\t\t<div class=\"img\">\n\t\t\t\t\t<img decoding=\"async\" src=\"http:\/\/www.avsarsozmen.com\/wp-content\/uploads\/2022\/04\/Adsiz-tasarim-18.jpg\" class=\"practice-areas-img\" alt=\"Psikoterapi Neden Gereklidir ve Psikolojik Deste\u011fe \u0130htiyac\u0131n\u0131z Oldu\u011funu Nas\u0131l Anlars\u0131n\u0131z?\">\n\t\t\t\t<\/div>\n              \n\t\t\t\t<div class=\"info\">\n\n\t\t\t\t\t\t\t\t\t\t\t<div class=\"title\">\n\t\t\t\t\t\t\t<h2>\n\t\t\t\t\t\t\t\tPsikoterapi Neden Gereklidir ve Psikolojik Deste\u011fe \u0130htiyac\u0131n\u0131z Oldu\u011funu Nas\u0131l Anlars\u0131n\u0131z?\t\t\t\t\t\t\t<\/h2>\n\t\t\t\t\t\t\t\t\t\t\t\t\t<\/div>\n\t\t\t\t\t\n\t\t\t\t\t\t\t\t\t\t\t                           <div class=\"completed\">\n                           \t    <span class=\"text\">\n                           \t    \tUzm. Psk. Av\u015far                           \t    <\/span>\n                           \t    <span class=\"number\">\n                           \t    \tS\u00f6zmen                           \t    <\/span>\n                           <\/div>\n\t\t\t\t\t\t\t\t\t\t\t                    \n\t\t\t\t\t\t\t\t\t\t\t<div  class=\"sub-title\">\n\t\t\t\t\t\t\t <p>\n\t\t\t\t\t\t\t \tPsikoterapi, s\u00fcrecine pek \u00e7ok nedenle ba\u015flanabilir. Bunlar ruhsal rahats\u0131zl\u0131klar\u0131 i\u00e7erdi\u011fi gibi; ili\u015fki problemleri, bo\u015fanma, stres, kay\u0131p, g\u00fcnl\u00fck ya\u015fam zorluklar\u0131\u2026\t\t\t\t\t\t\t <\/p>\n\t\t\t\t\t\t<\/div>\n\t\t\t\t\t\n                    \n\t\t\t\t    \t\t\t\t\t\t\t<div class=\"button\">\n                                <i class=\"ovaicon-right-arrow\"><\/i>\n\t\t\t\t\t\t\t<\/div>\n\t\t\t\t    \n\t\t\t\t<\/div>\n\n\t\t\t<\/div>\n\n         \t\t    <\/a>\n\t     \n\t\t\t\t<\/div>\n\t\t\t\t<\/div>\n\t\t\t\t\t<\/div>\n\t\t<\/div>\n\t\t\t\t\t\t\t<\/div>\n\t\t<\/section>\n\t\t\t\t<section class=\"elementor-section elementor-top-section elementor-element elementor-element-91c7c3a elementor-section-boxed elementor-section-height-default elementor-section-height-default\" data-id=\"91c7c3a\" data-element_type=\"section\" data-settings=\"{&quot;background_background&quot;:&quot;classic&quot;}\">\n\t\t\t\t\t\t<div class=\"elementor-container elementor-column-gap-default\">\n\t\t\t\t\t<div class=\"elementor-column elementor-col-100 elementor-top-column elementor-element elementor-element-e24565f\" data-id=\"e24565f\" data-element_type=\"column\">\n\t\t\t<div class=\"elementor-widget-wrap elementor-element-populated\">\n\t\t\t\t\t\t\t\t<div class=\"elementor-element elementor-element-1c50584 elementor-widget elementor-widget-athens_elementor_contact_info\" data-id=\"1c50584\" data-element_type=\"widget\" data-widget_type=\"athens_elementor_contact_info.default\">\n\t\t\t\t<div class=\"elementor-widget-container\">\n\t\t\t\t\t\t<div class=\"ova-contact-info\">\n\t\t\t\t\n\t\t\t\t\t\t\t\t\t<div class=\"icon\">\n\t\t\t\t\t\t<i class=\"\"><\/i>\n\t\t\t\t\t<\/div>\t\n\t\t\t\t\t\t\t\t\n\n\t\t\t\t<div class=\"contact\">\n\t\t\t\t\t\n\t\t\t\t\t\n\t\t\t\t\t<ul class=\"info\">\n\t\t\t\t\t\t\n\t\t\t\t\t\t\t\t<li class=\"item\">\n\n\t\t\t\t\t\t\t\t\t\t\t\t\t\t\t\t\t\t\t\t\t<a href=\"tel: +90 531 830 08 04 \">\n\t\t\t\t\t\t\t\t\t\t\t\t\t +90 531 830 08 04\t\t\t\t\t\t\t\t\t\t\t\t<\/a>\n\t\t\t\t\t\t\t\t\t\t\t\t\t\t\t\t\t\t\t<\/li>\n\t\t\t\t\t\t\t\n\t\t\t\t\t\t\t\t\t\t\t<\/ul>\n\n\t\t\t\t<\/div>\n\n\t\t\t<\/div>\n\n\t\t\t\t<\/div>\n\t\t\t\t<\/div>\n\t\t\t\t<section class=\"elementor-section elementor-inner-section elementor-element elementor-element-af4d796 elementor-section-boxed elementor-section-height-default elementor-section-height-default\" data-id=\"af4d796\" data-element_type=\"section\">\n\t\t\t\t\t\t<div class=\"elementor-container elementor-column-gap-default\">\n\t\t\t\t\t<div class=\"elementor-column elementor-col-50 elementor-inner-column elementor-element elementor-element-2598c6b\" data-id=\"2598c6b\" data-element_type=\"column\">\n\t\t\t<div class=\"elementor-widget-wrap elementor-element-populated\">\n\t\t\t\t\t\t\t\t<div class=\"elementor-element elementor-element-3a25d06 elementor-widget elementor-widget-athens_elementor_contact_info\" data-id=\"3a25d06\" data-element_type=\"widget\" data-widget_type=\"athens_elementor_contact_info.default\">\n\t\t\t\t<div class=\"elementor-widget-container\">\n\t\t\t\t\t\t<div class=\"ova-contact-info\">\n\t\t\t\t\n\t\t\t\t\t\t\t\t\t<div class=\"icon\">\n\t\t\t\t\t\t<i class=\"iconly iconly-Message icbo\"><\/i>\n\t\t\t\t\t<\/div>\t\n\t\t\t\t\t\t\t\t\n\n\t\t\t\t<div class=\"contact\">\n\t\t\t\t\t\n\t\t\t\t\t\n\t\t\t\t\t<ul class=\"info\">\n\t\t\t\t\t\t\n\t\t\t\t\t\t\t\t<li class=\"item\">\n\n\t\t\t\t\t\t\t\t\t\t\t\t\t\t\t\t\t\t\t\t\t<a href=\"mailto: info@avsarsozmen.com \">\n\t\t\t\t\t\t\t\t\t\t\t\t\t info@avsarsozmen.com\t\t\t\t\t\t\t\t\t\t\t\t<\/a>\n\t\t\t\t\t\t\t\t\t\t\t\t\t\t\t\t\t\t\t<\/li>\n\t\t\t\t\t\t\t\n\t\t\t\t\t\t\t\t\t\t\t<\/ul>\n\n\t\t\t\t<\/div>\n\n\t\t\t<\/div>\n\n\t\t\t\t<\/div>\n\t\t\t\t<\/div>\n\t\t\t\t\t<\/div>\n\t\t<\/div>\n\t\t\t\t<div class=\"elementor-column elementor-col-50 elementor-inner-column elementor-element elementor-element-69dd27c\" data-id=\"69dd27c\" data-element_type=\"column\">\n\t\t\t<div class=\"elementor-widget-wrap elementor-element-populated\">\n\t\t\t\t\t\t\t\t<div class=\"elementor-element elementor-element-c9219dc elementor-widget elementor-widget-athens_elementor_contact_info\" data-id=\"c9219dc\" data-element_type=\"widget\" data-widget_type=\"athens_elementor_contact_info.default\">\n\t\t\t\t<div class=\"elementor-widget-container\">\n\t\t\t\t\t\t<div class=\"ova-contact-info\">\n\t\t\t\t\n\t\t\t\t\t\t\t\t\t<div class=\"icon\">\n\t\t\t\t\t\t<i class=\"iconly iconly-Time-Circle icbo\"><\/i>\n\t\t\t\t\t<\/div>\t\n\t\t\t\t\t\t\t\t\n\n\t\t\t\t<div class=\"contact\">\n\t\t\t\t\t\n\t\t\t\t\t\t\t\t\t\t\t<div class=\"label\">\n\t\t\t\t\t\t\tP.tesi - C.tesi\t\t\t\t\t\t<\/div>\n\t\t\t\t\t\n\t\t\t\t\t<ul class=\"info\">\n\t\t\t\t\t\t\n\t\t\t\t\t\t\t\t<li class=\"item\">\n\n\t\t\t\t\t\t\t\t\t\t\t\t\t\t\t\t\t\t\t\t\t 09:00 - 22:00 (Y\u00fcz y\u00fcze-Online)\t\t\t\t\t\t\t\t\t\t\t\t\t\t\t\t\t\t\t<\/li>\n\t\t\t\t\t\t\t\n\t\t\t\t\t\t\t\t\t\t\t<\/ul>\n\n\t\t\t\t<\/div>\n\n\t\t\t<\/div>\n\n\t\t\t\t<\/div>\n\t\t\t\t<\/div>\n\t\t\t\t\t<\/div>\n\t\t<\/div>\n\t\t\t\t\t\t\t<\/div>\n\t\t<\/section>\n\t\t\t\t\t<\/div>\n\t\t<\/div>\n\t\t\t\t\t\t\t<\/div>\n\t\t<\/section>\n\t\t\t\t\t\t\t<\/div>\n\t\t","protected":false},"excerpt":{"rendered":"<p>Bireysel Terapi Nedir? Nas\u0131l \u00fcstesinden geliriz? Bireysel terapi bireylerin\u00a0hayatlar\u0131nda zorluk \u00e7ektikleri s\u00fcre\u00e7lerde veya ki\u015fisel geli\u015fimlerini deneyimlemek istediklerinde uzman bir psikoterapistten destek alma s\u00fcreci olarak tan\u0131mlanmaktad\u0131r. Ki\u015fisel\u00a0terapi\u00a0bireyin uzman psikoterapist ile birlikte \u00e7\u00f6zebilecekleri sorunlar i\u00e7in yap\u0131lan bir terapidir. Psikoterapi Ne De\u011fildir? Uzm. Psk. Av\u015far S\u00f6zmen Bu soruya bir yan\u0131t olu\u015fturduktan sonra \u201cpsikoterapi nedir?\u201d sorusunun cevab\u0131 ister istemez [&hellip;]<\/p>\n","protected":false},"author":1,"featured_media":0,"parent":0,"menu_order":0,"comment_status":"closed","ping_status":"closed","template":"elementor_header_footer","meta":{"_monsterinsights_skip_tracking":false,"_monsterinsights_sitenote_active":false,"_monsterinsights_sitenote_note":"","_monsterinsights_sitenote_category":0,"footnotes":""},"class_list":["post-35","page","type-page","status-publish","hentry"],"aioseo_notices":[],"_links":{"self":[{"href":"https:\/\/www.avsarsozmen.com\/index.php\/wp-json\/wp\/v2\/pages\/35","targetHints":{"allow":["GET"]}}],"collection":[{"href":"https:\/\/www.avsarsozmen.com\/index.php\/wp-json\/wp\/v2\/pages"}],"about":[{"href":"https:\/\/www.avsarsozmen.com\/index.php\/wp-json\/wp\/v2\/types\/page"}],"author":[{"embeddable":true,"href":"https:\/\/www.avsarsozmen.com\/index.php\/wp-json\/wp\/v2\/users\/1"}],"replies":[{"embeddable":true,"href":"https:\/\/www.avsarsozmen.com\/index.php\/wp-json\/wp\/v2\/comments?post=35"}],"version-history":[{"count":80,"href":"https:\/\/www.avsarsozmen.com\/index.php\/wp-json\/wp\/v2\/pages\/35\/revisions"}],"predecessor-version":[{"id":12008,"href":"https:\/\/www.avsarsozmen.com\/index.php\/wp-json\/wp\/v2\/pages\/35\/revisions\/12008"}],"wp:attachment":[{"href":"https:\/\/www.avsarsozmen.com\/index.php\/wp-json\/wp\/v2\/media?parent=35"}],"curies":[{"name":"wp","href":"https:\/\/api.w.org\/{rel}","templated":true}]}}